{"id":53,"date":"2022-06-09T14:40:14","date_gmt":"2022-06-09T12:40:14","guid":{"rendered":"http:\/\/www.ciipcavallari.it\/?page_id=53"},"modified":"2026-04-02T16:11:14","modified_gmt":"2026-04-02T14:11:14","slug":"automezzi","status":"publish","type":"page","link":"https:\/\/www.ciipcavallari.it\/en\/automezzi\/","title":{"rendered":"Vehicles"},"content":{"rendered":"<div id=\"fws_69fb7d68ebfc7\"  data-column-margin=\"none\" data-midnight=\"custom\" data-top-percent=\"15%\" data-bottom-percent=\"10%\"  class=\"wpb_row vc_row-fluid vc_row full-width-section parallax_section top_padding_tablet_30pct top_padding_phone_40pct bottom_padding_tablet_30pct bottom_padding_phone_40pct\"  style=\"padding-top: calc(100vw * 0.15); padding-bottom: calc(100vw * 0.10); \"><div class=\"row-bg-wrap\" data-bg-animation=\"zoom-out\" data-bg-animation-delay=\"\" data-bg-overlay=\"true\"><div class=\"inner-wrap row-bg-layer using-image\" ><div class=\"row-bg viewport-desktop using-image using-bg-color\" data-parallax-speed=\"fast\" style=\"background-image: url(https:\/\/www.ciipcavallari.it\/wp-content\/uploads\/2026\/03\/galleria-servizi-ciip-costruzioni-impianti-industriali11.jpg); background-position: center center; background-repeat: no-repeat; background-color: #666666; \"><\/div><\/div><div class=\"row-bg-overlay row-bg-layer\" style=\"background-color:#000000;  opacity: 0.5; \"><\/div><\/div><div class=\"row_col_wrap_12 col span_12 custom left\">\n\t<div  class=\"vc_col-sm-12 wpb_column column_container vc_column_container col no-extra-padding force-phone-text-align-center el_spacing_0px inherit_tablet inherit_phone flex_gap_desktop_10px\"  data-padding-pos=\"all\" data-has-bg-color=\"false\" data-bg-color=\"\" data-bg-opacity=\"1\" data-animation=\"\" data-delay=\"0\" >\n\t\t<div class=\"vc_column-inner\" >\n\t\t\t<div class=\"wpb_wrapper\">\n\t\t\t\t<div id=\"fws_69fb7d68eca00\" data-midnight=\"\" data-column-margin=\"default\" class=\"wpb_row vc_row-fluid vc_row inner_row\"  style=\" z-index: 20;\"><div class=\"row-bg-wrap\"> <div class=\"row-bg\" ><\/div> <\/div><div class=\"row_col_wrap_12_inner col span_12  left\">\n\t<div style=\" color: #ffffff;\" class=\"vc_col-sm-12 wpb_column column_container vc_column_container col child_column no-extra-padding el_spacing_0px inherit_tablet inherit_phone flex_gap_desktop_10px\" data-cfc=\"true\"  data-padding-pos=\"all\" data-has-bg-color=\"false\" data-bg-color=\"\" data-bg-opacity=\"1\" data-animation=\"\" data-delay=\"0\" >\n\t\t<div class=\"vc_column-inner\" >\n\t\t<div class=\"wpb_wrapper\">\n\t\t\t<div class=\"nectar-split-heading\" data-align=\"default\" data-m-align=\"inherit\" data-text-effect=\"default\" data-animation-type=\"line-reveal-by-space\" data-animation-delay=\"200\" data-animation-offset=\"\" data-m-rm-animation=\"\" data-stagger=\"true\" data-custom-font-size=\"false\" ><h1 >Vehicles<\/h1><\/div>\n\t\t<\/div> \n\t<\/div>\n\t<\/div> \n<\/div><\/div><div id=\"fws_69fb7d68ed310\" data-midnight=\"\" data-column-margin=\"default\" class=\"wpb_row vc_row-fluid vc_row inner_row\"  style=\" z-index: 20;\"><div class=\"row-bg-wrap\"> <div class=\"row-bg\" ><\/div> <\/div><div class=\"row_col_wrap_12_inner col span_12  left\">\n\t<div style=\" color: #ffffff;\" class=\"vc_col-sm-12 wpb_column column_container vc_column_container col child_column has-animation no-extra-padding el_spacing_0px inherit_tablet inherit_phone flex_gap_desktop_10px\" data-cfc=\"true\"  data-padding-pos=\"all\" data-has-bg-color=\"false\" data-bg-color=\"\" data-bg-opacity=\"1\" data-animation=\"fade-in-from-bottom\" data-delay=\"650\" >\n\t\t<div class=\"vc_column-inner\" >\n\t\t<div class=\"wpb_wrapper\">\n\t\t\t<div class=\"nectar-cta  alignment_tablet_default alignment_phone_default display_tablet_inherit display_phone_inherit\" data-color=\"default\" data-using-bg=\"false\" data-display=\"block\" data-style=\"underline\" data-alignment=\"left\" data-text-color=\"custom\" style=\"margin-top: 30px; margin-bottom: 20px;  --nectar-text-color: #ffffff; --nectar-button-color: var(--nectar-default); --nectar-icon-gap: 10px; \"><h5 style=\"color: #ffffff;\"> <span class=\"link_wrap\" style=\"padding-top: 18px; padding-bottom: 18px; \"><a  class=\"link_text\" style=\"border-color: #ffffff;\" role=\"button\" href=\"https:\/\/www.ciipcavallari.it\/en\/contatti\/\">Contact us for more information<\/a><\/span><\/h5><\/div>\n\t\t<\/div> \n\t<\/div>\n\t<\/div> \n<\/div><\/div>\n\t\t\t<\/div> \n\t\t<\/div>\n\t<\/div> \n<\/div><\/div>\n\t\t<div id=\"fws_69fb7d68edfa4\"  data-column-margin=\"none\" data-midnight=\"dark\" data-top-percent=\"5%\" data-bottom-percent=\"5%\"  class=\"wpb_row vc_row-fluid vc_row full-width-content vc_row-o-equal-height vc_row-flex vc_row-o-content-middle  right_padding_7pct left_padding_7pct reverse_columns_column_tablet reverse_columns_column_phone\"  style=\"padding-top: calc(100vw * 0.05); padding-bottom: calc(100vw * 0.05); \"><div class=\"row-bg-wrap\" data-bg-animation=\"none\" data-bg-animation-delay=\"\" data-bg-overlay=\"false\"><div class=\"inner-wrap row-bg-layer\" ><div class=\"row-bg viewport-desktop\"  style=\"\"><\/div><\/div><\/div><div class=\"row_col_wrap_12 col span_12 dark left\">\n\t<div  class=\"vc_col-sm-6 wpb_column column_container vc_column_container col no-extra-padding column_position_relative el_spacing_0px inherit_tablet inherit_phone flex_gap_desktop_10px\"  data-overlay-color=\"true\" data-padding-pos=\"all\" data-has-bg-color=\"false\" data-bg-color=\"\" data-bg-opacity=\"1\" data-animation=\"\" data-delay=\"0\" >\n\t\t<div class=\"vc_column-inner\" ><div class=\"column-bg-overlay-wrap column-bg-layer\" data-bg-animation=\"none\"><div class=\"column-bg-overlay\"><\/div><div class=\"column-overlay-layer\" style=\"\"><\/div><\/div>\n\t\t\t<div class=\"wpb_wrapper\">\n\t\t\t\t<div id=\"fws_69fb7d68ee5de\" data-midnight=\"\" data-column-margin=\"default\" class=\"wpb_row vc_row-fluid vc_row inner_row\"  style=\"\"><div class=\"row-bg-wrap\"> <div class=\"row-bg\" ><\/div> <\/div><div class=\"row_col_wrap_12_inner col span_12  left\">\n\t<div style=\"\" class=\"vc_col-sm-12 wpb_column column_container vc_column_container col child_column no-extra-padding inherit_tablet inherit_phone bg_img_front\"  data-using-bg=\"true\" data-border-radius=\"20px\" data-bg-cover=\"true\" data-padding-pos=\"all\" data-has-bg-color=\"false\" data-bg-color=\"\" data-bg-opacity=\"1\" data-animation=\"\" data-delay=\"0\" >\n\t\t<div class=\"vc_column-inner\" ><div class=\"column-image-bg-wrap column-bg-layer viewport-desktop\" data-n-parallax-bg=\"true\" data-parallax-speed=\"minimum\" data-bg-pos=\"center center\" data-bg-animation=\"none\" data-bg-overlay=\"false\"><div class=\"inner-wrap\"><div class=\"column-image-bg parallax-layer\" style=\" background-image: url('https:\/\/www.ciipcavallari.it\/wp-content\/uploads\/2026\/03\/automezzi-servizi-ciip-cavallari-home-OK.jpg'); \"><\/div><\/div><\/div>\n\t\t<div class=\"wpb_wrapper\">\n\t\t\t<div class=\"divider-wrap height_tablet_65vh height_phone_55vh\" data-alignment=\"default\"><div style=\"height: 75vh;\" class=\"divider\"><\/div><\/div>\n\t\t<\/div> \n\t<\/div>\n\t<\/div> \n<\/div><\/div>\n\t\t\t<\/div> \n\t\t<\/div>\n\t<\/div> \n\n\t<div  class=\"vc_col-sm-6 wpb_column column_container vc_column_container col column_position_static el_spacing_30px left_padding_desktop_7vw left_padding_tablet_2pct left_padding_phone_2pct right_padding_tablet_1pct right_padding_phone_1pct\"  data-padding-pos=\"all\" data-has-bg-color=\"false\" data-bg-color=\"\" data-bg-opacity=\"1\" data-animation=\"\" data-delay=\"0\" >\n\t\t<div class=\"vc_column-inner\" >\n\t\t\t<div class=\"wpb_wrapper\">\n\t\t\t\t<div id=\"fws_69fb7d68f0288\" data-midnight=\"\" data-column-margin=\"none\" class=\"wpb_row vc_row-fluid vc_row inner_row  right_padding_5pct top_padding_tablet_8pct right_padding_tablet_2pct right_padding_phone_2pct\"  style=\"\"><div class=\"row-bg-wrap\"> <div class=\"row-bg\" ><\/div> <\/div><div class=\"row_col_wrap_12_inner col span_12  left\">\n\t<div  class=\"vc_col-sm-12 wpb_column column_container vc_column_container col child_column no-extra-padding inherit_tablet inherit_phone flex_gap_desktop_10px\"   data-padding-pos=\"all\" data-has-bg-color=\"false\" data-bg-color=\"\" data-bg-opacity=\"1\" data-animation=\"\" data-delay=\"0\" >\n\t\t<div class=\"vc_column-inner\" >\n\t\t<div class=\"wpb_wrapper\">\n\t\t\t<div class=\"nectar-split-heading\" data-align=\"default\" data-m-align=\"inherit\" data-text-effect=\"default\" data-animation-type=\"line-reveal-by-space\" data-animation-delay=\"0\" data-animation-offset=\"\" data-m-rm-animation=\"true\" data-stagger=\"true\" data-custom-font-size=\"false\" ><h2 style=\" color: #000000;\">Mobilit\u00e0 operativa per interventi rapidi e puntuali<\/h2><\/div>\n\t\t<\/div> \n\t<\/div>\n\t<\/div> \n<\/div><\/div><div id=\"fws_69fb7d68f0e7f\" data-midnight=\"\" data-column-margin=\"default\" class=\"wpb_row vc_row-fluid vc_row inner_row  right_padding_14pct right_padding_tablet_2pct right_padding_phone_2pct\"  style=\"\"><div class=\"row-bg-wrap\"> <div class=\"row-bg\" ><\/div> <\/div><div class=\"row_col_wrap_12_inner col span_12  left\">\n\t<div  class=\"vc_col-sm-12 wpb_column column_container vc_column_container col child_column has-animation no-extra-padding inherit_tablet inherit_phone flex_gap_desktop_10px\"   data-padding-pos=\"all\" data-has-bg-color=\"false\" data-bg-color=\"\" data-bg-opacity=\"1\" data-animation=\"fade-in\" data-delay=\"0\" data-animation-easing=\"easeInOutQuad\" >\n\t\t<div class=\"vc_column-inner\" >\n\t\t<div class=\"wpb_wrapper\">\n\t\t\t\n<div class=\"wpb_text_column wpb_content_element\" >\n\t<p>La <strong>flotta di automezzi<\/strong> di C.I.I.P. Costruzioni Impianti Industriali Padana \u00e8 studiata per garantire <strong>prontezza, efficienza e supporto operativo in ogni tipo di intervento tecnico<\/strong>. Siamo consapevoli che, nel settore industriale, la rapidit\u00e0 di risposta \u00e8 fondamentale per ridurre i tempi di fermo macchina e mantenere alta la produttivit\u00e0: per questo i nostri mezzi sono attrezzati per <strong>operare sia in officina che presso il cliente<\/strong>.<\/p>\n<p>C.I.I.P. Costruzioni Impianti Industriali Padana dispone di <strong>professional equipment<\/strong> dedicata, di un<strong> large fleet of vehicles<\/strong> idoneo al trasporto di componenti e attrezzature tecniche e di <strong>spaziosi capannoni con piazzali cementati<\/strong>, progettati per facilitare le operazioni di carico, scarico e movimentazione.<br \/>\nQuesta organizzazione ci consente di gestire in modo efficiente interventi tecnici, manutenzioni e lavorazioni meccaniche, garantendo continuit\u00e0 operativa, sicurezza e coordinamento tra attivit\u00e0 in officina e interventi sul campo.<\/p>\n<\/div>\n\n\n\n<div class=\"nectar-cta  alignment_tablet_default alignment_phone_default display_tablet_inherit display_phone_inherit font_size_desktop_0vw font_size_tablet_16px\" data-color=\"default\" data-using-bg=\"false\" data-display=\"block\" data-style=\"underline\" data-alignment=\"left\" data-text-color=\"custom\" style=\"--nectar-text-color: #3A8AC5; --nectar-button-color: var(--nectar-default); --nectar-icon-gap: 10px; \"><span style=\"color: #3A8AC5;\" class=\"nectar-button-type\"> <span class=\"link_wrap\" style=\"padding-top: 4px; padding-bottom: 4px; \"><a target=\"_blank\" class=\"link_text\" style=\"border-color: #3A8AC5;\" role=\"button\" href=\"https:\/\/www.ciipcavallari.it\/en\/contatti\/\">Contact us for more information<\/a><\/span><\/span><\/div><div class=\"divider-wrap height_tablet_30px height_phone_30px\" data-alignment=\"default\"><div  class=\"divider\"><\/div><\/div>\n\t\t<\/div> \n\t<\/div>\n\t<\/div> \n<\/div><\/div>\n\t\t\t<\/div> \n\t\t<\/div>\n\t<\/div> \n<\/div><\/div>\n\t\t<div id=\"fws_69fb7d69007da\"  data-column-margin=\"custom\" data-midnight=\"light\" data-top-percent=\"2%\" data-bottom-percent=\"2%\"  class=\"wpb_row vc_row-fluid vc_row full-width-content has-row-bg-color vc_row-o-equal-height vc_row-flex vc_row-o-content-top\"  style=\"padding-top: calc(100vw * 0.02); padding-bottom: calc(100vw * 0.02); --row-bg-color: #3A8AC5;\"><div class=\"row-bg-wrap\" data-bg-animation=\"none\" data-bg-animation-delay=\"\" data-bg-overlay=\"false\"><div class=\"inner-wrap row-bg-layer\" ><div class=\"row-bg viewport-desktop using-bg-color\"  style=\"background-color: #3A8AC5; \"><\/div><\/div><\/div><div class=\"row_col_wrap_12 col span_12 light left\">\n\t<div  class=\"vc_col-sm-12 wpb_column column_container vc_column_container col no-extra-padding inherit_tablet inherit_phone\"  data-padding-pos=\"all\" data-has-bg-color=\"false\" data-bg-color=\"\" data-bg-opacity=\"1\" data-animation=\"\" data-delay=\"0\" >\n\t\t<div class=\"vc_column-inner\" >\n\t\t\t<div class=\"wpb_wrapper\">\n\t\t\t\t\n\t<div class=\"wpb_gallery wpb_content_element clearfix\">\n\t\t<div class=\"wpb_wrapper\"><div class=\"wpb_gallery_slidesflickity_style\" data-onclick=\"link_image\" data-interval=\"5\"><div class=\"nectar-flickity not-initialized\"  data-touch-icon-color=\"default\" data-stagger=\"\" data-drag-scale=\"\" data-overflow=\"hidden\" data-wrap=\"wrap\" data-spacing=\"10px\" data-shadow=\"none\" data-autoplay=\"true\" data-autoplay-dur=\"\" data-free-scroll=\"true\" data-controls=\"next_prev_arrows_overlaid\" data-desktop-columns=\"6\" data-small-desktop-columns=\"5\" data-tablet-columns=\"2\" data-phone-columns=\"1\"><div class=\"flickity-viewport\"> <div class=\"flickity-slider\"><div class=\"cell\" data-lazy=\"false\"><img decoding=\"async\" class=\"skip-lazy nectar-lazy\" src=\"https:\/\/www.ciipcavallari.it\/wp-content\/uploads\/2022\/06\/Automezzi_03-253x380.jpg\" width=\"253\" height=\"380\" alt=\"Automezzi_03\" title=\"Vehicles_03\" loading=\"lazy\" \/><a class=\"entire-slide-link\"  href=\"https:\/\/www.ciipcavallari.it\/wp-content\/uploads\/2022\/06\/Automezzi_03.jpg\"><\/a><\/div><div class=\"cell\" data-lazy=\"false\"><img decoding=\"async\" class=\"skip-lazy nectar-lazy\" src=\"https:\/\/www.ciipcavallari.it\/wp-content\/uploads\/2022\/06\/Automezzi_02-253x380.jpg\" width=\"253\" height=\"380\" alt=\"Automezzi_02\" title=\"Vehicles_02\" loading=\"lazy\" \/><a class=\"entire-slide-link\"  href=\"https:\/\/www.ciipcavallari.it\/wp-content\/uploads\/2022\/06\/Automezzi_02.jpg\"><\/a><\/div><div class=\"cell\" data-lazy=\"false\"><img decoding=\"async\" class=\"skip-lazy nectar-lazy\" src=\"https:\/\/www.ciipcavallari.it\/wp-content\/uploads\/2026\/03\/galleria-servizi-ciip-costruzioni-impianti-industriali28-253x380.jpg\" width=\"253\" height=\"380\" alt=\"Screenshot\" title=\"Screenshot\" loading=\"lazy\" \/><a class=\"entire-slide-link\"  href=\"https:\/\/www.ciipcavallari.it\/wp-content\/uploads\/2026\/03\/galleria-servizi-ciip-costruzioni-impianti-industriali28.jpg\"><\/a><\/div><div class=\"cell\" data-lazy=\"false\"><img decoding=\"async\" class=\"skip-lazy nectar-lazy\" src=\"https:\/\/www.ciipcavallari.it\/wp-content\/uploads\/2026\/03\/galleria-servizi-ciip-costruzioni-impianti-industriali15-253x380.jpg\" width=\"253\" height=\"380\" alt=\"galleria-servizi-ciip-costruzioni-impianti-industriali15\" title=\"galleria-servizi-ciip-costruzioni-impianti-industriali15\" loading=\"lazy\" \/><a class=\"entire-slide-link\"  href=\"https:\/\/www.ciipcavallari.it\/wp-content\/uploads\/2026\/03\/galleria-servizi-ciip-costruzioni-impianti-industriali15.jpg\"><\/a><\/div><div class=\"cell\" data-lazy=\"false\"><img decoding=\"async\" class=\"skip-lazy nectar-lazy\" src=\"https:\/\/www.ciipcavallari.it\/wp-content\/uploads\/2026\/03\/galleria-servizi-ciip-costruzioni-impianti-industriali14-253x380.jpg\" width=\"253\" height=\"380\" alt=\"galleria-servizi-ciip-costruzioni-impianti-industriali14\" title=\"galleria-servizi-ciip-costruzioni-impianti-industriali14\" loading=\"lazy\" \/><a class=\"entire-slide-link\"  href=\"https:\/\/www.ciipcavallari.it\/wp-content\/uploads\/2026\/03\/galleria-servizi-ciip-costruzioni-impianti-industriali14.jpg\"><\/a><\/div><div class=\"cell\" data-lazy=\"false\"><img decoding=\"async\" class=\"skip-lazy nectar-lazy\" src=\"https:\/\/www.ciipcavallari.it\/wp-content\/uploads\/2026\/03\/galleria-servizi-ciip-costruzioni-impianti-industriali13-253x380.jpg\" width=\"253\" height=\"380\" alt=\"galleria-servizi-ciip-costruzioni-impianti-industriali13\" title=\"galleria-servizi-ciip-costruzioni-impianti-industriali13\" loading=\"lazy\" \/><a class=\"entire-slide-link\"  href=\"https:\/\/www.ciipcavallari.it\/wp-content\/uploads\/2026\/03\/galleria-servizi-ciip-costruzioni-impianti-industriali13.jpg\"><\/a><\/div><div class=\"cell\" data-lazy=\"false\"><img decoding=\"async\" class=\"skip-lazy nectar-lazy\" src=\"https:\/\/www.ciipcavallari.it\/wp-content\/uploads\/2026\/03\/galleria-servizi-ciip-costruzioni-impianti-industriali12-253x380.jpg\" width=\"253\" height=\"380\" alt=\"galleria-servizi-ciip-costruzioni-impianti-industriali12\" title=\"galleria-servizi-ciip-costruzioni-impianti-industriali12\" loading=\"lazy\" \/><a class=\"entire-slide-link\"  href=\"https:\/\/www.ciipcavallari.it\/wp-content\/uploads\/2026\/03\/galleria-servizi-ciip-costruzioni-impianti-industriali12.jpg\"><\/a><\/div><div class=\"cell\" data-lazy=\"false\"><img decoding=\"async\" class=\"skip-lazy nectar-lazy\" src=\"https:\/\/www.ciipcavallari.it\/wp-content\/uploads\/2026\/03\/galleria-servizi-ciip-costruzioni-impianti-industriali11-253x380.jpg\" width=\"253\" height=\"380\" alt=\"galleria-servizi-ciip-costruzioni-impianti-industriali11\" title=\"galleria-servizi-ciip-costruzioni-impianti-industriali11\" loading=\"lazy\" \/><a class=\"entire-slide-link\"  href=\"https:\/\/www.ciipcavallari.it\/wp-content\/uploads\/2026\/03\/galleria-servizi-ciip-costruzioni-impianti-industriali11.jpg\"><\/a><\/div><div class=\"cell\" data-lazy=\"false\"><img decoding=\"async\" class=\"skip-lazy nectar-lazy\" src=\"https:\/\/www.ciipcavallari.it\/wp-content\/uploads\/2026\/04\/galleria-automezzi-ciip-costruzioni-impianti-industriali1-253x380.jpg\" width=\"253\" height=\"380\" alt=\"galleria-automezzi-ciip-costruzioni-impianti-industriali1\" title=\"galleria-automezzi-ciip-costruzioni-impianti-industriali1\" loading=\"lazy\" \/><a class=\"entire-slide-link\"  href=\"https:\/\/www.ciipcavallari.it\/wp-content\/uploads\/2026\/04\/galleria-automezzi-ciip-costruzioni-impianti-industriali1.jpg\"><\/a><\/div><div class=\"cell\" data-lazy=\"false\"><img decoding=\"async\" class=\"skip-lazy nectar-lazy\" src=\"https:\/\/www.ciipcavallari.it\/wp-content\/uploads\/2026\/04\/galleria-automezzi-ciip-costruzioni-impianti-industriali2-253x380.jpg\" width=\"253\" height=\"380\" alt=\"galleria-automezzi-ciip-costruzioni-impianti-industriali2\" title=\"galleria-automezzi-ciip-costruzioni-impianti-industriali2\" loading=\"lazy\" \/><a class=\"entire-slide-link\"  href=\"https:\/\/www.ciipcavallari.it\/wp-content\/uploads\/2026\/04\/galleria-automezzi-ciip-costruzioni-impianti-industriali2.jpg\"><\/a><\/div><\/div><\/div><\/div><\/div>\n\t\t<\/div> \n\t<\/div> \n\t\t\t<\/div> \n\t\t<\/div>\n\t<\/div> \n<\/div><\/div>\n\t\t<div id=\"fws_69fb7d6905d08\"  data-column-margin=\"default\" data-midnight=\"light\" data-top-percent=\"5%\" data-bottom-percent=\"5%\"  class=\"wpb_row vc_row-fluid vc_row full-width-section vc_row-o-equal-height vc_row-flex vc_row-o-content-middle\"  style=\"padding-top: calc(100vw * 0.05); padding-bottom: calc(100vw * 0.05); \"><div class=\"row-bg-wrap\" data-bg-animation=\"none\" data-bg-animation-delay=\"\" data-bg-overlay=\"true\"><div class=\"inner-wrap row-bg-layer using-image\" ><div class=\"row-bg viewport-desktop using-image\"  style=\"background-image: url(https:\/\/www.ciipcavallari.it\/wp-content\/uploads\/2026\/02\/sfondo-servizi-ciip-cavallari.jpg); background-position: center center; background-repeat: no-repeat; \"><\/div><\/div><div class=\"row-bg-overlay row-bg-layer\" style=\"background-color:rgba(10,6,6,0.84);  opacity: 0.8; \"><\/div><\/div><div class=\"row_col_wrap_12 col span_12 light left\">\n\t<div  class=\"vc_col-sm-12 wpb_column column_container vc_column_container col no-extra-padding inherit_tablet inherit_phone flex_gap_desktop_10px\"  data-padding-pos=\"all\" data-has-bg-color=\"false\" data-bg-color=\"\" data-bg-opacity=\"1\" data-animation=\"\" data-delay=\"0\" >\n\t\t<div class=\"vc_column-inner\" >\n\t\t\t<div class=\"wpb_wrapper\">\n\t\t\t\t<div id=\"fws_69fb7d69063ba\" data-midnight=\"\" data-column-margin=\"default\" class=\"wpb_row vc_row-fluid vc_row inner_row\"  style=\"\"><div class=\"row-bg-wrap\"> <div class=\"row-bg\" ><\/div> <\/div><div class=\"row_col_wrap_12_inner col span_12  left\">\n\t<div  class=\"vc_col-sm-12 wpb_column column_container vc_column_container col child_column centered-text no-extra-padding inherit_tablet inherit_phone\"   data-padding-pos=\"all\" data-has-bg-color=\"false\" data-bg-color=\"\" data-bg-opacity=\"1\" data-animation=\"\" data-delay=\"0\" >\n\t\t<div class=\"vc_column-inner\" >\n\t\t<div class=\"wpb_wrapper\">\n\t\t\t<h2 style=\"text-align: center\" class=\"vc_custom_heading vc_do_custom_heading wpb_animate_when_almost_visible wpb_fadeInUp fadeInUp\" >Contact us for more information about our services, assistance, or a personalized quote.<\/h2><div class=\"divider-wrap\" data-alignment=\"default\"><div style=\"height: 30px;\" class=\"divider\"><\/div><\/div><a class=\"nectar-button large regular accent-color has-icon  wpb_animate_when_almost_visible wpb_zoomIn zoomIn regular-button\"  role=\"button\" style=\"\"  href=\"https:\/\/www.ciipcavallari.it\/en\/contatti\/\" data-color-override=\"false\" data-hover-color-override=\"false\" data-hover-text-color-override=\"#fff\"><span>CONTACT US<\/span><i  class=\"icon-button-arrow\"><\/i><\/a>\n\t\t<\/div> \n\t<\/div>\n\t<\/div> \n<\/div><\/div>\n\t\t\t<\/div> \n\t\t<\/div>\n\t<\/div> \n<\/div><\/div>","protected":false},"excerpt":{"rendered":"Automezzi Contattaci per maggiori informazioni Mobilit\u00e0 operativa per interventi rapidi e puntuali La flotta di automezzi di C.I.I.P. Costruzioni Impianti Industriali Padana \u00e8 studiata per garantire prontezza, efficienza e supporto...","protected":false},"author":2,"featured_media":0,"parent":0,"menu_order":0,"comment_status":"closed","ping_status":"closed","template":"","meta":{"footnotes":""},"class_list":["post-53","page","type-page","status-publish"],"_links":{"self":[{"href":"https:\/\/www.ciipcavallari.it\/en\/wp-json\/wp\/v2\/pages\/53","targetHints":{"allow":["GET"]}}],"collection":[{"href":"https:\/\/www.ciipcavallari.it\/en\/wp-json\/wp\/v2\/pages"}],"about":[{"href":"https:\/\/www.ciipcavallari.it\/en\/wp-json\/wp\/v2\/types\/page"}],"author":[{"embeddable":true,"href":"https:\/\/www.ciipcavallari.it\/en\/wp-json\/wp\/v2\/users\/2"}],"replies":[{"embeddable":true,"href":"https:\/\/www.ciipcavallari.it\/en\/wp-json\/wp\/v2\/comments?post=53"}],"version-history":[{"count":10,"href":"https:\/\/www.ciipcavallari.it\/en\/wp-json\/wp\/v2\/pages\/53\/revisions"}],"predecessor-version":[{"id":475,"href":"https:\/\/www.ciipcavallari.it\/en\/wp-json\/wp\/v2\/pages\/53\/revisions\/475"}],"wp:attachment":[{"href":"https:\/\/www.ciipcavallari.it\/en\/wp-json\/wp\/v2\/media?parent=53"}],"curies":[{"name":"wp","href":"https:\/\/api.w.org\/{rel}","templated":true}]}}